{"id":20,"date":"2014-12-07T14:05:13","date_gmt":"2014-12-07T14:05:13","guid":{"rendered":"http:\/\/kancelaria.graphiplus.pl\/?page_id=20"},"modified":"2020-11-30T18:04:06","modified_gmt":"2020-11-30T18:04:06","slug":"oferta","status":"publish","type":"page","link":"http:\/\/liberadzki.eu\/?page_id=20","title":{"rendered":"OFERTA"},"content":{"rendered":"<p><strong>Spory s\u0105dowe<\/strong><\/p>\n<ul>\n<li>reprezentacja w sporach dotycz\u0105cych kredyt\u00f3w indeksowanych lub denominowanych w walutach obcych, w tym w szczeg\u00f3lno\u015bci we franku szwajcarskim (CHF)<\/li>\n<li>radca prawny M. Liberadzki wyst\u0119puje zar\u00f3wno jako pe\u0142nomocnik jak i arbiter w sporach z zakresu: opcje walutowe\u00a0oraz\u00a0transakcje SWAP, przed S\u0105dem Polubownym przy Zwi\u0105zku Bank\u00f3w Polskich<\/li>\n<\/ul>\n<p style=\"text-align: justify;\"><strong>Obligacje<\/strong><\/p>\n<ul>\n<li style=\"text-align: justify;\">doradztwo w zakresie procesu emisji obligacji<\/li>\n<li style=\"text-align: justify;\">wycena obligacji<\/li>\n<\/ul>\n<p style=\"text-align: justify;\"><strong>Asset management<\/strong><\/p>\n<ul>\n<li style=\"text-align: justify;\">sprawy z zakresu zarz\u0105dzania portfelem inwestycyjnym klienta. Portfel papier\u00f3w warto\u015bciowych, instrument\u00f3w pochodnych, walut i commodities<\/li>\n<li style=\"text-align: justify;\">relacje klient \u2013 zarz\u0105dzaj\u0105cy<\/li>\n<\/ul>\n<p style=\"text-align: justify;\"><strong>Transakcje pochodne<\/strong><\/p>\n<ul>\n<li style=\"text-align: justify;\">doradztwo z zakresu zabezpieczania si\u0119 przed ryzykiem rynkowym \u2013 st\u00f3p procentowych, kursu walutowego z wykorzystaniem instrument\u00f3w typu opcje, w szczeg\u00f3lno\u015bci opcje walutowe, CIRS , IRS , FRA , futures<\/li>\n<li style=\"text-align: justify;\">wycena opcji CIRS , IRS , FRA , futures<\/li>\n<\/ul>\n<p style=\"text-align: justify;\"><strong>Faktoring<\/strong><\/p>\n<ul>\n<li style=\"text-align: justify;\">sporz\u0105dzanie regulamin\u00f3w i wzor\u00f3w um\u00f3w faktoringu<\/li>\n<li style=\"text-align: justify;\">doradztwo w zakresie zawierania um\u00f3w faktoringu<\/li>\n<\/ul>\n<p style=\"text-align: justify;\"><strong>Upad\u0142o\u015bci<\/strong><\/p>\n<ul>\n<li style=\"text-align: justify;\">restrukturyzacja zad\u0142u\u017cenia<\/li>\n<li style=\"text-align: justify;\">sporz\u0105dzanie wniosk\u00f3w o og\u0142oszenie upad\u0142o\u015bci<\/li>\n<li style=\"text-align: justify;\">sporz\u0105dzanie bilans\u00f3w upad\u0142o\u015bciowych<\/li>\n<\/ul>\n<p style=\"text-align: justify;\"><strong>Infrastruktura<\/strong><\/p>\n<ul>\n<li style=\"text-align: justify;\">doradztwo obejmuj\u0105ce:<br \/>\n&#8211; partnerstwo publiczno \u2013 prywatne (PPP)<br \/>\n&#8211; project finance<br \/>\n&#8211; obligacje komunalne<\/li>\n<\/ul>\n<p style=\"text-align: justify;\"><strong>Energetyka<\/strong><\/p>\n<ul>\n<li style=\"text-align: justify;\">modele finansowe i biznes plany farm wiatrowych<\/li>\n<li style=\"text-align: justify;\">analiza rynku energii<\/li>\n<\/ul>\n<p style=\"text-align: justify;\"><strong>Ekspertyzy<\/strong><\/p>\n<ul>\n<li style=\"text-align: justify;\">We wszystkich wy\u017cej wymienionych zakresach sporz\u0105dzamy opinie, w tym w sprawach s\u0105dowych.<\/li>\n<\/ul>\n","protected":false},"excerpt":{"rendered":"<p>Spory s\u0105dowe reprezentacja w sporach dotycz\u0105cych kredyt\u00f3w indeksowanych lub denominowanych w walutach obcych, w tym w szczeg\u00f3lno\u015bci we franku szwajcarskim (CHF) radca prawny M. Liberadzki wyst\u0119puje zar\u00f3wno jako pe\u0142nomocnik jak&#8230; <a class=\"read-more-button\" href=\"http:\/\/liberadzki.eu\/?page_id=20\">Read more &gt;<\/a><\/p>\n","protected":false},"author":2,"featured_media":0,"parent":0,"menu_order":0,"comment_status":"open","ping_status":"open","template":"","meta":[],"_links":{"self":[{"href":"http:\/\/liberadzki.eu\/index.php?rest_route=\/wp\/v2\/pages\/20"}],"collection":[{"href":"http:\/\/liberadzki.eu\/index.php?rest_route=\/wp\/v2\/pages"}],"about":[{"href":"http:\/\/liberadzki.eu\/index.php?rest_route=\/wp\/v2\/types\/page"}],"author":[{"embeddable":true,"href":"http:\/\/liberadzki.eu\/index.php?rest_route=\/wp\/v2\/users\/2"}],"replies":[{"embeddable":true,"href":"http:\/\/liberadzki.eu\/index.php?rest_route=%2Fwp%2Fv2%2Fcomments&post=20"}],"version-history":[{"count":12,"href":"http:\/\/liberadzki.eu\/index.php?rest_route=\/wp\/v2\/pages\/20\/revisions"}],"predecessor-version":[{"id":160,"href":"http:\/\/liberadzki.eu\/index.php?rest_route=\/wp\/v2\/pages\/20\/revisions\/160"}],"wp:attachment":[{"href":"http:\/\/liberadzki.eu\/index.php?rest_route=%2Fwp%2Fv2%2Fmedia&parent=20"}],"curies":[{"name":"wp","href":"https:\/\/api.w.org\/{rel}","templated":true}]}}